{"id":91,"date":"2026-02-09T21:51:55","date_gmt":"2026-02-09T21:51:55","guid":{"rendered":"https:\/\/fulljob.cl\/index.php\/contact\/"},"modified":"2026-02-09T23:13:40","modified_gmt":"2026-02-09T23:13:40","slug":"contact","status":"publish","type":"page","link":"https:\/\/fulljob.cl\/index.php\/contact\/","title":{"rendered":"Contacto"},"content":{"rendered":"\t\t<div data-elementor-type=\"wp-page\" data-elementor-id=\"91\" class=\"elementor elementor-91\">\n\t\t\t\t<div class=\"elementor-element elementor-element-461b93a e-flex e-con-boxed e-con e-parent\" data-id=\"461b93a\" data-element_type=\"container\" data-e-type=\"container\" data-settings=\"{&quot;background_background&quot;:&quot;gradient&quot;,&quot;shape_divider_bottom&quot;:&quot;waves&quot;}\">\n\t\t\t\t\t<div class=\"e-con-inner\">\n\t\t\t\t<div class=\"elementor-shape elementor-shape-bottom\" aria-hidden=\"true\" data-negative=\"false\">\n\t\t\t<svg xmlns=\"http:\/\/www.w3.org\/2000\/svg\" viewBox=\"0 0 1000 100\" preserveAspectRatio=\"none\">\n\t<path class=\"elementor-shape-fill\" d=\"M421.9,6.5c22.6-2.5,51.5,0.4,75.5,5.3c23.6,4.9,70.9,23.5,100.5,35.7c75.8,32.2,133.7,44.5,192.6,49.7\n\tc23.6,2.1,48.7,3.5,103.4-2.5c54.7-6,106.2-25.6,106.2-25.6V0H0v30.3c0,0,72,32.6,158.4,30.5c39.2-0.7,92.8-6.7,134-22.4\n\tc21.2-8.1,52.2-18.2,79.7-24.2C399.3,7.9,411.6,7.5,421.9,6.5z\"\/>\n<\/svg>\t\t<\/div>\n\t\t\t\t<div class=\"elementor-element elementor-element-02cdda2 elementor-widget elementor-widget-heading\" data-id=\"02cdda2\" data-element_type=\"widget\" data-e-type=\"widget\" data-widget_type=\"heading.default\">\n\t\t\t\t\t<h1 class=\"elementor-heading-title elementor-size-default\">Cont\u00e1ctenos<\/h1>\t\t\t\t<\/div>\n\t\t\t\t<div class=\"elementor-element elementor-element-38e2630 elementor-widget elementor-widget-heading\" data-id=\"38e2630\" data-element_type=\"widget\" data-e-type=\"widget\" data-widget_type=\"heading.default\">\n\t\t\t\t\t<h3 class=\"elementor-heading-title elementor-size-default\">Estamos atentos a escuchar sus inquietudes y propuestas<\/h3>\t\t\t\t<\/div>\n\t\t\t\t\t<\/div>\n\t\t\t\t<\/div>\n\t\t<div class=\"elementor-element elementor-element-abfac60 e-flex e-con-boxed e-con e-parent\" data-id=\"abfac60\" data-element_type=\"container\" data-e-type=\"container\" data-settings=\"{&quot;background_background&quot;:&quot;classic&quot;}\">\n\t\t\t\t\t<div class=\"e-con-inner\">\n\t\t<div class=\"elementor-element elementor-element-96c6704 e-con-full e-flex e-con e-child\" data-id=\"96c6704\" data-element_type=\"container\" data-e-type=\"container\">\n\t\t\t\t<div class=\"elementor-element elementor-element-9680f28 elementor-widget elementor-widget-heading\" data-id=\"9680f28\" data-element_type=\"widget\" data-e-type=\"widget\" data-widget_type=\"heading.default\">\n\t\t\t\t\t<h3 class=\"elementor-heading-title elementor-size-default\">Cont\u00e1ctenos y descubra c\u00f3mo podemos transformar sus desaf\u00edos de reclutamiento en oportunidades de crecimiento.<\/h3>\t\t\t\t<\/div>\n\t\t\t\t<div class=\"elementor-element elementor-element-1102025 elementor-widget elementor-widget-text-editor\" data-id=\"1102025\" data-element_type=\"widget\" data-e-type=\"widget\" data-widget_type=\"text-editor.default\">\n\t\t\t\t\t\t\t\t\t<p><span class=\"a_GcMg font-feature-liga-off font-feature-clig-off font-feature-calt-off text-decoration-none text-strikethrough-none\">Estamos listos para ser su aliado estrat\u00e9gico en la b\u00fasqueda de profesionales de excelencia.<\/span><\/p>\t\t\t\t\t\t\t\t<\/div>\n\t\t\t\t<\/div>\n\t\t\t\t\t<\/div>\n\t\t\t\t<\/div>\n\t\t<div class=\"elementor-element elementor-element-b5654d8 e-flex e-con-boxed e-con e-parent\" data-id=\"b5654d8\" data-element_type=\"container\" data-e-type=\"container\" data-settings=\"{&quot;background_background&quot;:&quot;classic&quot;}\">\n\t\t\t\t\t<div class=\"e-con-inner\">\n\t\t<div class=\"elementor-element elementor-element-f0eee31 e-con-full e-flex e-con e-child\" data-id=\"f0eee31\" data-element_type=\"container\" data-e-type=\"container\">\n\t\t<div class=\"elementor-element elementor-element-88019da e-con-full e-flex e-con e-child\" data-id=\"88019da\" data-element_type=\"container\" data-e-type=\"container\" data-settings=\"{&quot;background_background&quot;:&quot;classic&quot;}\">\n\t\t\t\t<div class=\"elementor-element elementor-element-e3ffffa elementor-view-default elementor-position-block-start elementor-mobile-position-block-start elementor-widget elementor-widget-icon-box\" data-id=\"e3ffffa\" data-element_type=\"widget\" data-e-type=\"widget\" data-widget_type=\"icon-box.default\">\n\t\t\t\t\t\t\t<div class=\"elementor-icon-box-wrapper\">\n\n\t\t\t\t\t\t<div class=\"elementor-icon-box-icon\">\n\t\t\t\t<span  class=\"elementor-icon\">\n\t\t\t\t<svg xmlns=\"http:\/\/www.w3.org\/2000\/svg\" xmlns:xlink=\"http:\/\/www.w3.org\/1999\/xlink\" id=\"f6ea2c0c-f2cb-411f-a76e-d9ff8e2e3e30\" x=\"0px\" y=\"0px\" viewBox=\"0 0 74.6 66\" style=\"enable-background:new 0 0 74.6 66;\" xml:space=\"preserve\"><style type=\"text\/css\">\t.st0{opacity:5.000000e-02;fill-rule:evenodd;clip-rule:evenodd;enable-background:new    ;}\t.st1{fill:url(#SVGID_1_);}\t.st2{fill:#FFFFFF;}<\/style><path id=\"b905bc68-c760-43fd-b060-d8a17e0f3f05\" class=\"st0\" d=\"M53.4,19.4c-9.9,32.3,6.1,31.8-7.1,41.2 c-13.2,9.3-31.4,6.2-40.7-6.9c-0.1-0.1-0.1-0.2-0.2-0.3C-4,40-0.8,21.7,12.5,12.2C25.7,2.8,63.2-12.9,53.4,19.4\"><\/path><g>\t<linearGradient id=\"SVGID_1_\" gradientUnits=\"userSpaceOnUse\" x1=\"19.8327\" y1=\"34.4392\" x2=\"71.8537\" y2=\"34.4392\">\t\t<stop offset=\"2.800000e-07\" style=\"stop-color:#1BB364\"><\/stop>\t\t<stop offset=\"1\" style=\"stop-color:#00F865\"><\/stop>\t<\/linearGradient>\t<circle class=\"st1\" cx=\"45.8\" cy=\"34.4\" r=\"26\"><\/circle>\t<g id=\"XMLID_00000015318885723765496400000013217464522659150753_\">\t\t<path id=\"XMLID_00000034777769299023462450000003938257417864730042_\" class=\"st2\" d=\"M30.4,49.2c0.4-1.1,0.7-2.2,1.1-3.2   c0.5-1.5,1-3,1.5-4.5c0.1-0.2,0-0.5-0.1-0.6c-5-9,0-20.1,10.1-22.2c8.3-1.8,16.6,3.9,18,12.2c1.4,8.1-4.1,15.9-12.3,17.3   c-3.4,0.6-6.6,0.1-9.6-1.5c-0.3-0.1-0.5-0.1-0.8-0.1c-2.5,0.8-5,1.6-7.5,2.4C30.8,49.1,30.6,49.1,30.4,49.2z M34.2,45.5   c0.3-0.1,0.4-0.1,0.6-0.2c1.3-0.4,2.6-0.8,3.9-1.2c0.2-0.1,0.5,0,0.6,0.1c3,1.8,6.3,2.3,9.7,1.5c6.5-1.5,10.8-8.1,9.5-14.6   c-1.4-6.9-7.8-11.3-14.8-10.1c-9,1.5-13.5,11.9-8.3,19.5c0.2,0.3,0.2,0.5,0.1,0.9C35.2,42.6,34.7,44,34.2,45.5z\"><\/path>\t\t<path id=\"XMLID_00000054254380156738499600000002817608580329897877_\" class=\"st2\" d=\"M38.7,29.9c0-1,0.4-1.9,1.1-2.7   c0.6-0.6,1.3-0.8,2.1-0.7c0.2,0,0.5,0.3,0.5,0.5c0.5,1,0.9,2,1.3,3c0.1,0.2,0,0.4-0.1,0.6c-0.2,0.4-0.5,0.8-0.8,1.1   c-0.3,0.3-0.3,0.6-0.1,1c1.2,2,2.9,3.4,5.1,4.3c0.3,0.1,0.6,0.1,0.8-0.2c0.4-0.4,0.7-0.9,1.1-1.3c0.2-0.3,0.5-0.4,0.8-0.3   c1,0.5,2.1,1,3.1,1.5c0.2,0.1,0.3,0.4,0.3,0.6c-0.1,1.5-1.1,2.7-2.6,3c-0.8,0.2-1.6,0.1-2.5-0.2c-3.6-0.9-6.2-3.1-8.3-6   c-0.7-1-1.4-2-1.6-3.2C38.8,30.6,38.8,30.2,38.7,29.9z\"><\/path>\t<\/g><\/g><\/svg>\t\t\t\t<\/span>\n\t\t\t<\/div>\n\t\t\t\n\t\t\t\t\t\t<div class=\"elementor-icon-box-content\">\n\n\t\t\t\t\t\t\t\t\t<h3 class=\"elementor-icon-box-title\">\n\t\t\t\t\t\t<span  >\n\t\t\t\t\t\t\t+569 7496 1597\t\t\t\t\t\t<\/span>\n\t\t\t\t\t<\/h3>\n\t\t\t\t\n\t\t\t\t\n\t\t\t<\/div>\n\t\t\t\n\t\t<\/div>\n\t\t\t\t\t\t<\/div>\n\t\t\t\t<\/div>\n\t\t<div class=\"elementor-element elementor-element-d32816f e-con-full e-flex e-con e-child\" data-id=\"d32816f\" data-element_type=\"container\" data-e-type=\"container\" data-settings=\"{&quot;background_background&quot;:&quot;classic&quot;}\">\n\t\t\t\t<div class=\"elementor-element elementor-element-4afef6b elementor-view-default elementor-position-block-start elementor-mobile-position-block-start elementor-widget elementor-widget-icon-box\" data-id=\"4afef6b\" data-element_type=\"widget\" data-e-type=\"widget\" data-widget_type=\"icon-box.default\">\n\t\t\t\t\t\t\t<div class=\"elementor-icon-box-wrapper\">\n\n\t\t\t\t\t\t<div class=\"elementor-icon-box-icon\">\n\t\t\t\t<span  class=\"elementor-icon\">\n\t\t\t\t<svg xmlns=\"http:\/\/www.w3.org\/2000\/svg\" id=\"b9eca3d6-28bc-461d-b7b7-78a67414a1df\" data-name=\"Layer 1\" width=\"75\" height=\"66\" viewBox=\"0 0 75 66\"><path id=\"e8e1efff-1bb1-451f-968d-97e93845e0a0\" data-name=\"Fill-1-Copy-4\" d=\"M53.3653,19.386c-9.8693,32.2855,6.1235,31.8329-7.1389,41.2306A29.1943,29.1943,0,0,1,5.3387,53.4179a29.7533,29.7533,0,0,1,7.1385-41.23C25.74,2.79,63.2345-12.8994,53.3653,19.386\" style=\"fill-rule:evenodd;opacity:0.05\"><\/path><path d=\"M74.52,9.2018a1.1278,1.1278,0,0,0-1.2084-.05l-42.75,24.75a1.1255,1.1255,0,0,0,.2074,2.0415l12.9666,4.3219,4.3228,12.9657A1.1249,1.1249,0,0,0,49.1258,54a.6243.6243,0,0,0,.07-.0027,1.1227,1.1227,0,0,0,1.0324-.9023l.2909-1.4544,5.1976-6.9316,10.9659,4.7016a1.149,1.149,0,0,0,.9778-.0467,1.1246,1.1246,0,0,0,.5727-.7936l6.7495-38.25A1.1291,1.1291,0,0,0,74.52,9.2018ZM66.964,15.4257,44.47,38.1367,33.85,34.5981ZM50.7214,40.74a1.102,1.102,0,0,0-.4491.6647L48.8529,48.5,45.957,39.8141,64.9214,20.6664Zm.7069,6.3562.7787-3.8924,1.62.6944Zm14.8352-.3147L53.1592,41.1647l18.78-26.545Z\" style=\"fill-rule:evenodd\"><\/path><path d=\"M22.9834,47.3458a1.1471,1.1471,0,0,0-1.6417,0,1.1957,1.1957,0,0,0-.0028,1.671q.844.8586,1.714,1.6739a1.15,1.15,0,0,0,1.6417-.0736,1.1976,1.1976,0,0,0-.0714-1.671C24.068,48.4313,23.5211,47.8956,22.9834,47.3458Z\" style=\"fill-rule:evenodd\"><\/path><path d=\"M38.9842,55.841l-.495.0112a14.0366,14.0366,0,0,1-2.7556-.2777,1.1066,1.1066,0,0,0-1.3042.8374,1.0772,1.0772,0,0,0,.8621,1.2694A16.4754,16.4754,0,0,0,38.4892,58l.5744-.01a1.0885,1.0885,0,0,0,1.0641-1.1143A1.148,1.148,0,0,0,38.9842,55.841Z\" style=\"fill-rule:evenodd\"><\/path><path d=\"M31.06,53.9176a26.9481,26.9481,0,0,1-2.895-1.7117,1.1225,1.1225,0,0,0-1.54.2683,1.0535,1.0535,0,0,0,.2761,1.4939,28.4675,28.4675,0,0,0,3.1394,1.854,1.1223,1.1223,0,0,0,1.49-.4568A1.0583,1.0583,0,0,0,31.06,53.9176Z\" style=\"fill-rule:evenodd\"><\/path><path d=\"M46.011,53.19a19.0115,19.0115,0,0,1-2.2052,1.1667,1.3984,1.3984,0,0,0-.7014,1.804A1.32,1.32,0,0,0,44.32,57a1.2389,1.2389,0,0,0,.5139-.111A21.1869,21.1869,0,0,0,47.35,55.5641a1.4116,1.4116,0,0,0,.4687-1.8842A1.29,1.29,0,0,0,46.011,53.19Z\" style=\"fill-rule:evenodd\"><\/path><\/svg>\t\t\t\t<\/span>\n\t\t\t<\/div>\n\t\t\t\n\t\t\t\t\t\t<div class=\"elementor-icon-box-content\">\n\n\t\t\t\t\t\t\t\t\t<h3 class=\"elementor-icon-box-title\">\n\t\t\t\t\t\t<span  >\n\t\t\t\t\t\t\tcontacto@fulljob.cl\t\t\t\t\t\t<\/span>\n\t\t\t\t\t<\/h3>\n\t\t\t\t\n\t\t\t\t\n\t\t\t<\/div>\n\t\t\t\n\t\t<\/div>\n\t\t\t\t\t\t<\/div>\n\t\t\t\t<\/div>\n\t\t<div class=\"elementor-element elementor-element-f8ac96f e-con-full e-flex e-con e-child\" data-id=\"f8ac96f\" data-element_type=\"container\" data-e-type=\"container\" data-settings=\"{&quot;background_background&quot;:&quot;classic&quot;}\">\n\t\t\t\t<div class=\"elementor-element elementor-element-0250213 elementor-view-default elementor-position-block-start elementor-mobile-position-block-start elementor-widget elementor-widget-icon-box\" data-id=\"0250213\" data-element_type=\"widget\" data-e-type=\"widget\" data-widget_type=\"icon-box.default\">\n\t\t\t\t\t\t\t<div class=\"elementor-icon-box-wrapper\">\n\n\t\t\t\t\t\t<div class=\"elementor-icon-box-icon\">\n\t\t\t\t<span  class=\"elementor-icon\">\n\t\t\t\t<svg xmlns=\"http:\/\/www.w3.org\/2000\/svg\" id=\"bffe9e3b-c455-4940-8d89-69a49a55460f\" data-name=\"Layer 1\" width=\"75.0869\" height=\"66\" viewBox=\"0 0 75.0869 66\"><path id=\"b124f0a4-2d57-4ec2-a504-61dc8352ccd4\" data-name=\"Fill-1\" d=\"M53.3653,19.386c-9.8693,32.2855,6.1235,31.8329-7.1389,41.2306A29.1943,29.1943,0,0,1,5.3387,53.4179a29.7533,29.7533,0,0,1,7.1385-41.23C25.74,2.79,63.2345-12.8994,53.3653,19.386\" style=\"fill-rule:evenodd;opacity:0.05\"><\/path><path d=\"M75.0864,51.3619V16.2805l.0005-.0025-.0005-.0024V13.7721A8.7816,8.7816,0,0,0,66.3154,5H48.7714A8.7816,8.7816,0,0,0,40,13.7721v2.5032L40,16.278,40,16.2808V51.3616L40,51.3644,40,51.3671v5.01a8.7814,8.7814,0,0,0,8.771,8.771h17.544a8.7814,8.7814,0,0,0,8.771-8.771v-5.01l.0005-.0024ZM42.5054,17.531H72.58v32.58H42.5054Zm6.266-10.0249h17.544a6.2723,6.2723,0,0,1,6.265,6.266V15.025H42.5054V13.7721A6.2732,6.2732,0,0,1,48.7714,7.5061Zm17.544,55.136H48.7714a6.2723,6.2723,0,0,1-6.266-6.265v-3.76H72.58v3.76A6.2715,6.2715,0,0,1,66.3154,62.6421Z\" style=\"fill-rule:evenodd\"><\/path><path d=\"M57.5429,55.124A2.506,2.506,0,1,0,60.05,57.63,2.5086,2.5086,0,0,0,57.5429,55.124Z\" style=\"fill-rule:evenodd\"><\/path><path d=\"M53.7836,12.5188h7.519a1.253,1.253,0,0,0,0-2.506h-7.519a1.253,1.253,0,0,0,0,2.506Z\" style=\"fill-rule:evenodd\"><\/path><path d=\"M66.3651,12.5188a1.253,1.253,0,1,0,0-2.506H66.34a1.2422,1.2422,0,0,0-1.241,1.253A1.2642,1.2642,0,0,0,66.3651,12.5188Z\" style=\"fill-rule:evenodd\"><\/path><\/svg>\t\t\t\t<\/span>\n\t\t\t<\/div>\n\t\t\t\n\t\t\t\t\t\t<div class=\"elementor-icon-box-content\">\n\n\t\t\t\t\t\t\t\t\t<h3 class=\"elementor-icon-box-title\">\n\t\t\t\t\t\t<span  >\n\t\t\t\t\t\t\t+569 7496 1597\t\t\t\t\t\t<\/span>\n\t\t\t\t\t<\/h3>\n\t\t\t\t\n\t\t\t\t\n\t\t\t<\/div>\n\t\t\t\n\t\t<\/div>\n\t\t\t\t\t\t<\/div>\n\t\t\t\t<\/div>\n\t\t\t\t<\/div>\n\t\t\t\t\t<\/div>\n\t\t\t\t<\/div>\n\t\t<div class=\"elementor-element elementor-element-e1b886d e-flex e-con-boxed e-con e-parent\" data-id=\"e1b886d\" data-element_type=\"container\" data-e-type=\"container\" data-settings=\"{&quot;background_background&quot;:&quot;gradient&quot;,&quot;shape_divider_top&quot;:&quot;waves&quot;}\">\n\t\t\t\t\t<div class=\"e-con-inner\">\n\t\t\t\t<div class=\"elementor-shape elementor-shape-top\" aria-hidden=\"true\" data-negative=\"false\">\n\t\t\t<svg xmlns=\"http:\/\/www.w3.org\/2000\/svg\" viewBox=\"0 0 1000 100\" preserveAspectRatio=\"none\">\n\t<path class=\"elementor-shape-fill\" d=\"M421.9,6.5c22.6-2.5,51.5,0.4,75.5,5.3c23.6,4.9,70.9,23.5,100.5,35.7c75.8,32.2,133.7,44.5,192.6,49.7\n\tc23.6,2.1,48.7,3.5,103.4-2.5c54.7-6,106.2-25.6,106.2-25.6V0H0v30.3c0,0,72,32.6,158.4,30.5c39.2-0.7,92.8-6.7,134-22.4\n\tc21.2-8.1,52.2-18.2,79.7-24.2C399.3,7.9,411.6,7.5,421.9,6.5z\"\/>\n<\/svg>\t\t<\/div>\n\t\t<div class=\"elementor-element elementor-element-b05da5c e-con-full e-flex e-con e-child\" data-id=\"b05da5c\" data-element_type=\"container\" data-e-type=\"container\">\n\t\t\t\t<div class=\"elementor-element elementor-element-5f878d2 elementor-widget__width-initial elementor-widget elementor-widget-heading\" data-id=\"5f878d2\" data-element_type=\"widget\" data-e-type=\"widget\" data-widget_type=\"heading.default\">\n\t\t\t\t\t<h3 class=\"elementor-heading-title elementor-size-default\">Profesionales de excelencia, <\/h3>\t\t\t\t<\/div>\n\t\t\t\t<div class=\"elementor-element elementor-element-ca982c4 elementor-widget__width-initial elementor-widget elementor-widget-heading\" data-id=\"ca982c4\" data-element_type=\"widget\" data-e-type=\"widget\" data-widget_type=\"heading.default\">\n\t\t\t\t\t<h3 class=\"elementor-heading-title elementor-size-default\">soluciones de Valor.<\/h3>\t\t\t\t<\/div>\n\t\t\t\t<\/div>\n\t\t<div class=\"elementor-element elementor-element-6c076e1 e-con-full e-flex e-con e-child\" data-id=\"6c076e1\" data-element_type=\"container\" data-e-type=\"container\">\n\t\t\t\t<div class=\"elementor-element elementor-element-b575c62 elementor-widget elementor-widget-image\" data-id=\"b575c62\" data-element_type=\"widget\" data-e-type=\"widget\" data-widget_type=\"image.default\">\n\t\t\t\t\t\t\t\t\t\t\t\t\t\t\t<img fetchpriority=\"high\" decoding=\"async\" width=\"1920\" height=\"1280\" src=\"https:\/\/fulljob.cl\/wp-content\/uploads\/2026\/02\/reunion1-scaled-1.webp\" class=\"attachment-full size-full wp-image-136\" alt=\"\" srcset=\"https:\/\/fulljob.cl\/wp-content\/uploads\/2026\/02\/reunion1-scaled-1.webp 1920w, https:\/\/fulljob.cl\/wp-content\/uploads\/2026\/02\/reunion1-scaled-1-300x200.webp 300w, https:\/\/fulljob.cl\/wp-content\/uploads\/2026\/02\/reunion1-scaled-1-1024x683.webp 1024w, https:\/\/fulljob.cl\/wp-content\/uploads\/2026\/02\/reunion1-scaled-1-768x512.webp 768w, https:\/\/fulljob.cl\/wp-content\/uploads\/2026\/02\/reunion1-scaled-1-1536x1024.webp 1536w\" sizes=\"(max-width: 1920px) 100vw, 1920px\" \/>\t\t\t\t\t\t\t\t\t\t\t\t\t\t\t<\/div>\n\t\t\t\t<\/div>\n\t\t\t\t\t<\/div>\n\t\t\t\t<\/div>\n\t\t\t\t<\/div>\n\t\t","protected":false},"excerpt":{"rendered":"<p>Cont\u00e1ctenos Estamos atentos a escuchar sus inquietudes y propuestas Cont\u00e1ctenos y descubra c\u00f3mo podemos transformar sus desaf\u00edos de reclutamiento en oportunidades de crecimiento. Estamos listos para ser su aliado estrat\u00e9gico en la b\u00fasqueda de profesionales de excelencia. +569 7496 1597 contacto@fulljob.cl +569 7496 1597 Profesionales de excelencia, soluciones de Valor.<\/p>\n","protected":false},"author":1,"featured_media":0,"parent":0,"menu_order":0,"comment_status":"closed","ping_status":"closed","template":"elementor_header_footer","meta":{"footnotes":""},"class_list":["post-91","page","type-page","status-publish","hentry"],"_links":{"self":[{"href":"https:\/\/fulljob.cl\/index.php\/wp-json\/wp\/v2\/pages\/91","targetHints":{"allow":["GET"]}}],"collection":[{"href":"https:\/\/fulljob.cl\/index.php\/wp-json\/wp\/v2\/pages"}],"about":[{"href":"https:\/\/fulljob.cl\/index.php\/wp-json\/wp\/v2\/types\/page"}],"author":[{"embeddable":true,"href":"https:\/\/fulljob.cl\/index.php\/wp-json\/wp\/v2\/users\/1"}],"replies":[{"embeddable":true,"href":"https:\/\/fulljob.cl\/index.php\/wp-json\/wp\/v2\/comments?post=91"}],"version-history":[{"count":20,"href":"https:\/\/fulljob.cl\/index.php\/wp-json\/wp\/v2\/pages\/91\/revisions"}],"predecessor-version":[{"id":273,"href":"https:\/\/fulljob.cl\/index.php\/wp-json\/wp\/v2\/pages\/91\/revisions\/273"}],"wp:attachment":[{"href":"https:\/\/fulljob.cl\/index.php\/wp-json\/wp\/v2\/media?parent=91"}],"curies":[{"name":"wp","href":"https:\/\/api.w.org\/{rel}","templated":true}]}}